{"id":59,"date":"2019-07-05T13:28:47","date_gmt":"2019-07-05T11:28:47","guid":{"rendered":"https:\/\/www.opamianto.com\/blog\/?page_id=59"},"modified":"2019-07-05T13:28:47","modified_gmt":"2019-07-05T11:28:47","slug":"exitos-judiciales","status":"publish","type":"page","link":"https:\/\/www.opamianto.com\/blog\/exitos-judiciales\/","title":{"rendered":"\u00c9xitos judiciales"},"content":{"rendered":"<div class=\"fusion-fullwidth fullwidth-box fusion-builder-row-1 nonhundred-percent-fullwidth non-hundred-percent-height-scrolling\" style=\"--awb-border-radius-top-left:0px;--awb-border-radius-top-right:0px;--awb-border-radius-bottom-right:0px;--awb-border-radius-bottom-left:0px;--awb-flex-wrap:wrap;\" ><div class=\"fusion-builder-row fusion-row\"><div class=\"fusion-layout-column fusion_builder_column fusion-builder-column-0 fusion_builder_column_1_1 1_1 fusion-one-full fusion-column-first fusion-column-last\" style=\"--awb-bg-size:cover;\"><div class=\"fusion-column-wrapper fusion-column-has-shadow fusion-flex-column-wrapper-legacy\"><div class=\"fusion-title title fusion-title-1 fusion-title-center fusion-title-text fusion-title-size-one\" style=\"--awb-margin-top-small:0px;--awb-margin-right-small:0px;--awb-margin-bottom-small:20px;--awb-margin-left-small:0px;\"><div class=\"title-sep-container title-sep-container-left\"><div class=\"title-sep sep- sep-solid\" style=\"border-color:#e0dede;\"><\/div><\/div><span class=\"awb-title-spacer\"><\/span><h1 class=\"fusion-title-heading title-heading-center fusion-responsive-typography-calculated\" style=\"margin:0;--fontSize:37.5;line-height:1.45;\">\u00c9xitos judiciales<\/h1><span class=\"awb-title-spacer\"><\/span><div class=\"title-sep-container title-sep-container-right\"><div class=\"title-sep sep- sep-solid\" style=\"border-color:#e0dede;\"><\/div><\/div><\/div><div class=\"fusion-text fusion-text-1\"><p style=\"text-align: center;\">Hablamos sobre los <strong>\u00e9xitos judiciales<\/strong> en casos de amianto en Espa\u00f1a.<\/p>\n<\/div><div class=\"fusion-sep-clear\"><\/div><div class=\"fusion-separator\" style=\"margin-left: auto;margin-right: auto;margin-bottom:4%;width:100%;max-width:20%;\"><div class=\"fusion-separator-border sep-single sep-solid\" style=\"--awb-height:20px;--awb-amount:20px;--awb-sep-color:#d34209;border-color:#d34209;border-top-width:2px;\"><\/div><\/div><div class=\"fusion-sep-clear\"><\/div><div class=\"fusion-clearfix\"><\/div><\/div><\/div><div class=\"fusion-layout-column fusion_builder_column fusion-builder-column-1 fusion_builder_column_1_1 1_1 fusion-one-full fusion-column-first fusion-column-last\" style=\"--awb-bg-size:cover;\"><div class=\"fusion-column-wrapper fusion-column-has-shadow fusion-flex-column-wrapper-legacy\"><div class=\"fusion-blog-shortcode fusion-blog-shortcode-1 fusion-blog-archive fusion-blog-layout-medium fusion-blog-pagination\"><div class=\"fusion-posts-container fusion-posts-container-pagination fusion-blog-rollover\" data-pages=\"1\"><article id=\"blog-1-post-150\" class=\"fusion-post-medium post-150 post type-post status-publish format-standard has-post-thumbnail hentry category-amianto category-exitos-judiciales category-mesotelioma category-sin-categoria\">\n\t<style type=\"text\/css\">\n\t\t\n\t\t\n\t\t\n\t\t\n\t\t\t<\/style>\n\n\n\t\t\t<div class=\"fusion-flexslider flexslider fusion-flexslider-loading fusion-post-slideshow\" style=\"\">\n\t\t<ul class=\"slides\">\n\t\t\t\n\t\t\t\t\t\t\t\t\t\t\t\t\t\t<li><div  class=\"fusion-image-wrapper fusion-image-size-fixed\" aria-haspopup=\"true\">\n\t\t\t\t<img decoding=\"async\" width=\"320\" height=\"202\" src=\"https:\/\/www.opamianto.com\/blog\/wp-content\/uploads\/2019\/07\/lawyer-320x202.jpg\" class=\"attachment-blog-medium size-blog-medium wp-post-image\" alt=\"\" \/><div class=\"fusion-rollover\">\n\t<div class=\"fusion-rollover-content\">\n\n\t\t\t\t\t\t\t\t\t\t\t\t\t\t<a class=\"fusion-rollover-link\" href=\"https:\/\/www.opamianto.com\/blog\/amianto\/tres-razones-para-iniciar-un-proceso-judicial\/\">Tres razones para iniciar un proceso judicial<\/a>\n\t\t\t\n\t\t\t\t\t\t\t\t\n\t\t\n\t\t\t\t\t\t\t\t\n\t\t\t\t\t\t\t\t\t\t<div class=\"fusion-rollover-categories\"><a href=\"https:\/\/www.opamianto.com\/blog\/.\/amianto\/\" rel=\"tag\">Amianto<\/a>, <a href=\"https:\/\/www.opamianto.com\/blog\/.\/exitos-judiciales\/\" rel=\"tag\">\u00c9xitos judiciales<\/a>, <a href=\"https:\/\/www.opamianto.com\/blog\/.\/mesotelioma\/\" rel=\"tag\">Mesotelioma<\/a>, <a href=\"https:\/\/www.opamianto.com\/blog\/.\/sin-categoria\/\" rel=\"tag\">Sin categor\u00eda<\/a><\/div>\t\t\t\t\t\n\t\t\n\t\t\t\t\t\t<a class=\"fusion-link-wrapper\" href=\"https:\/\/www.opamianto.com\/blog\/amianto\/tres-razones-para-iniciar-un-proceso-judicial\/\" aria-label=\"Tres razones para iniciar un proceso judicial\"><\/a>\n\t<\/div>\n<\/div>\n<\/div>\n<\/li>\n\t\t\t\n\t\t\t\n\t\t\t\t\t\t\t\t\t\t\t\t\t\t\t\t\t\t\t\t\t\t\t\t\t\t\t\t\t\t\t\t\t\t\t\t\t\t\t\t\t\t\t\t\t\t\t\t\t\t\t\t\t\t\t\t\t\t\t\t\t\t\t\t\t\t\t\t<\/ul>\n\t<\/div>\n\t<div class=\"fusion-post-content post-content\"><h2 class=\"blog-shortcode-post-title entry-title\"><a href=\"https:\/\/www.opamianto.com\/blog\/amianto\/tres-razones-para-iniciar-un-proceso-judicial\/\">Tres razones para iniciar un proceso judicial<\/a><\/h2><div class=\"fusion-post-content-container\"><p>Abogados expertos le ayudar\u00e1n a recibir la indemnizaci\u00f3n que usted merece El mesotelioma es un tipo de c\u00e1ncer que deriva \u00fanica y exclusivamente de la exposici\u00f3n al amianto. Las fibras de amianto que nuestro cuerpo inhala permanecen en nuestro cuerpo durante 20 y 40 a\u00f1os hasta que la enfermedad se<a href=\"https:\/\/www.opamianto.com\/blog\/amianto\/tres-razones-para-iniciar-un-proceso-judicial\/\"> [...]<\/a><\/p><\/div><\/div><div class=\"fusion-clearfix\"><\/div><div class=\"fusion-meta-info\"><div class=\"fusion-alignleft\"><span class=\"vcard\" style=\"display: none;\"><span class=\"fn\"><a href=\"https:\/\/www.opamianto.com\/blog\/author\/opamianto\/\" title=\"Entradas de Opamianto\" rel=\"author\">Opamianto<\/a><\/span><\/span><span class=\"updated\" style=\"display:none;\">2026-04-28T11:17:01+02:00<\/span><span>24 de octubre de 2019<\/span><span class=\"fusion-inline-sep\">|<\/span><a href=\"https:\/\/www.opamianto.com\/blog\/.\/amianto\/\" rel=\"category tag\">Amianto<\/a>, <a href=\"https:\/\/www.opamianto.com\/blog\/.\/exitos-judiciales\/\" rel=\"category tag\">\u00c9xitos judiciales<\/a>, <a href=\"https:\/\/www.opamianto.com\/blog\/.\/mesotelioma\/\" rel=\"category tag\">Mesotelioma<\/a>, <a href=\"https:\/\/www.opamianto.com\/blog\/.\/sin-categoria\/\" rel=\"category tag\">Sin categor\u00eda<\/a><span class=\"fusion-inline-sep\">|<\/span><span class=\"fusion-comments\"><span>Comentarios desactivados<span class=\"screen-reader-text\"> en Tres razones para iniciar un proceso judicial<\/span><\/span><\/span><\/div><div class=\"fusion-alignright\"><a class=\"fusion-read-more\" href=\"https:\/\/www.opamianto.com\/blog\/amianto\/tres-razones-para-iniciar-un-proceso-judicial\/\" aria-label=\"More on Tres razones para iniciar un proceso judicial\">Leer m\u00e1s<\/a><\/div><\/div><\/article>\n<article id=\"blog-1-post-139\" class=\"fusion-post-medium post-139 post type-post status-publish format-standard has-post-thumbnail hentry category-amianto category-exitos-judiciales\">\n\t<style type=\"text\/css\">\n\t\t\n\t\t\n\t\t\n\t\t\n\t\t\t<\/style>\n\n\n\t\t\t<div class=\"fusion-flexslider flexslider fusion-flexslider-loading fusion-post-slideshow\" style=\"\">\n\t\t<ul class=\"slides\">\n\t\t\t\n\t\t\t\t\t\t\t\t\t\t\t\t\t\t<li><div  class=\"fusion-image-wrapper fusion-image-size-fixed\" aria-haspopup=\"true\">\n\t\t\t\t<img decoding=\"async\" width=\"320\" height=\"202\" src=\"https:\/\/www.opamianto.com\/blog\/wp-content\/uploads\/2019\/07\/iStock_000005038737XSmall-320x202.jpg\" class=\"attachment-blog-medium size-blog-medium wp-post-image\" alt=\"\" \/><div class=\"fusion-rollover\">\n\t<div class=\"fusion-rollover-content\">\n\n\t\t\t\t\t\t\t\t\t\t\t\t\t\t<a class=\"fusion-rollover-link\" href=\"https:\/\/www.opamianto.com\/blog\/amianto\/reclamaciones-ante-los-fondos-de-compensacion-estadounidenses\/\">Reclamaciones ante los fondos de compensaci\u00f3n estadounidenses<\/a>\n\t\t\t\n\t\t\t\t\t\t\t\t\n\t\t\n\t\t\t\t\t\t\t\t\n\t\t\t\t\t\t\t\t\t\t<div class=\"fusion-rollover-categories\"><a href=\"https:\/\/www.opamianto.com\/blog\/.\/amianto\/\" rel=\"tag\">Amianto<\/a>, <a href=\"https:\/\/www.opamianto.com\/blog\/.\/exitos-judiciales\/\" rel=\"tag\">\u00c9xitos judiciales<\/a><\/div>\t\t\t\t\t\n\t\t\n\t\t\t\t\t\t<a class=\"fusion-link-wrapper\" href=\"https:\/\/www.opamianto.com\/blog\/amianto\/reclamaciones-ante-los-fondos-de-compensacion-estadounidenses\/\" aria-label=\"Reclamaciones ante los fondos de compensaci\u00f3n estadounidenses\"><\/a>\n\t<\/div>\n<\/div>\n<\/div>\n<\/li>\n\t\t\t\n\t\t\t\n\t\t\t\t\t\t\t\t\t\t\t\t\t\t\t\t\t\t\t\t\t\t\t\t\t\t\t\t\t\t\t\t\t\t\t\t\t\t\t\t\t\t\t\t\t\t\t\t\t\t\t\t\t\t\t\t\t\t\t\t\t\t\t\t\t\t\t\t<\/ul>\n\t<\/div>\n\t<div class=\"fusion-post-content post-content\"><h2 class=\"blog-shortcode-post-title entry-title\"><a href=\"https:\/\/www.opamianto.com\/blog\/amianto\/reclamaciones-ante-los-fondos-de-compensacion-estadounidenses\/\">Reclamaciones ante los fondos de compensaci\u00f3n estadounidenses<\/a><\/h2><div class=\"fusion-post-content-container\"><p>Si el amianto al que se estuvo expuesto proviene de Estados Unidos, se puede acceder a solicitar una indemnizaci\u00f3n a las empresas responsables y a trav\u00e9s del sistema de compensaci\u00f3n estadounidense. Muchas de las compa\u00f1\u00edas americanas responsables de la fabricaci\u00f3n e importaci\u00f3n del amianto tienen un sistema de compensaci\u00f3n para<a href=\"https:\/\/www.opamianto.com\/blog\/amianto\/reclamaciones-ante-los-fondos-de-compensacion-estadounidenses\/\"> [...]<\/a><\/p><\/div><\/div><div class=\"fusion-clearfix\"><\/div><div class=\"fusion-meta-info\"><div class=\"fusion-alignleft\"><span class=\"vcard\" style=\"display: none;\"><span class=\"fn\"><a href=\"https:\/\/www.opamianto.com\/blog\/author\/opamianto\/\" title=\"Entradas de Opamianto\" rel=\"author\">Opamianto<\/a><\/span><\/span><span class=\"updated\" style=\"display:none;\">2026-04-28T11:17:01+02:00<\/span><span>12 de septiembre de 2019<\/span><span class=\"fusion-inline-sep\">|<\/span><a href=\"https:\/\/www.opamianto.com\/blog\/.\/amianto\/\" rel=\"category tag\">Amianto<\/a>, <a href=\"https:\/\/www.opamianto.com\/blog\/.\/exitos-judiciales\/\" rel=\"category tag\">\u00c9xitos judiciales<\/a><span class=\"fusion-inline-sep\">|<\/span><span class=\"fusion-comments\"><span>Comentarios desactivados<span class=\"screen-reader-text\"> en Reclamaciones ante los fondos de compensaci\u00f3n estadounidenses<\/span><\/span><\/span><\/div><div class=\"fusion-alignright\"><a class=\"fusion-read-more\" href=\"https:\/\/www.opamianto.com\/blog\/amianto\/reclamaciones-ante-los-fondos-de-compensacion-estadounidenses\/\" aria-label=\"More on Reclamaciones ante los fondos de compensaci\u00f3n estadounidenses\">Leer m\u00e1s<\/a><\/div><\/div><\/article>\n<article id=\"blog-1-post-132\" class=\"fusion-post-medium post-132 post type-post status-publish format-standard has-post-thumbnail hentry category-amianto category-exitos-judiciales category-mesotelioma\">\n\t<style type=\"text\/css\">\n\t\t\n\t\t\n\t\t\n\t\t\n\t\t\t<\/style>\n\n\n\t\t\t<div class=\"fusion-flexslider flexslider fusion-flexslider-loading fusion-post-slideshow\" style=\"\">\n\t\t<ul class=\"slides\">\n\t\t\t\n\t\t\t\t\t\t\t\t\t\t\t\t\t\t<li><div  class=\"fusion-image-wrapper fusion-image-size-fixed\" aria-haspopup=\"true\">\n\t\t\t\t<img decoding=\"async\" width=\"320\" height=\"202\" src=\"https:\/\/www.opamianto.com\/blog\/wp-content\/uploads\/2019\/07\/amianto9-320x202.jpg\" class=\"attachment-blog-medium size-blog-medium wp-post-image\" alt=\"\" srcset=\"https:\/\/www.opamianto.com\/blog\/wp-content\/uploads\/2019\/07\/amianto9-320x202.jpg 320w, https:\/\/www.opamianto.com\/blog\/wp-content\/uploads\/2019\/07\/amianto9-700x441.jpg 700w\" sizes=\"(max-width: 320px) 100vw, 320px\" \/><div class=\"fusion-rollover\">\n\t<div class=\"fusion-rollover-content\">\n\n\t\t\t\t\t\t\t\t\t\t\t\t\t\t<a class=\"fusion-rollover-link\" href=\"https:\/\/www.opamianto.com\/blog\/amianto\/reclamacion-de-danos-y-perjuicios\/\">Reclamaci\u00f3n de da\u00f1os y perjuicios<\/a>\n\t\t\t\n\t\t\t\t\t\t\t\t\n\t\t\n\t\t\t\t\t\t\t\t\n\t\t\t\t\t\t\t\t\t\t<div class=\"fusion-rollover-categories\"><a href=\"https:\/\/www.opamianto.com\/blog\/.\/amianto\/\" rel=\"tag\">Amianto<\/a>, <a href=\"https:\/\/www.opamianto.com\/blog\/.\/exitos-judiciales\/\" rel=\"tag\">\u00c9xitos judiciales<\/a>, <a href=\"https:\/\/www.opamianto.com\/blog\/.\/mesotelioma\/\" rel=\"tag\">Mesotelioma<\/a><\/div>\t\t\t\t\t\n\t\t\n\t\t\t\t\t\t<a class=\"fusion-link-wrapper\" href=\"https:\/\/www.opamianto.com\/blog\/amianto\/reclamacion-de-danos-y-perjuicios\/\" aria-label=\"Reclamaci\u00f3n de da\u00f1os y perjuicios\"><\/a>\n\t<\/div>\n<\/div>\n<\/div>\n<\/li>\n\t\t\t\n\t\t\t\n\t\t\t\t\t\t\t\t\t\t\t\t\t\t\t\t\t\t\t\t\t\t\t\t\t\t\t\t\t\t\t\t\t\t\t\t\t\t\t\t\t\t\t\t\t\t\t\t\t\t\t\t\t\t\t\t\t\t\t\t\t\t\t\t\t\t\t\t<\/ul>\n\t<\/div>\n\t<div class=\"fusion-post-content post-content\"><h2 class=\"blog-shortcode-post-title entry-title\"><a href=\"https:\/\/www.opamianto.com\/blog\/amianto\/reclamacion-de-danos-y-perjuicios\/\">Reclamaci\u00f3n de da\u00f1os y perjuicios<\/a><\/h2><div class=\"fusion-post-content-container\"><p>Si la enfermedad diagnosticada se relaciona causalmente con la exposici\u00f3n al amianto y con independencia que se sea trabajador o no, se puede demandar a las empresas que usaron, importaron o fabricaron el amianto. Estas reclamaciones son complejas ya que ser\u00e1 el afectado el que deber\u00e1 acreditar la exposici\u00f3n al<a href=\"https:\/\/www.opamianto.com\/blog\/amianto\/reclamacion-de-danos-y-perjuicios\/\"> [...]<\/a><\/p><\/div><\/div><div class=\"fusion-clearfix\"><\/div><div class=\"fusion-meta-info\"><div class=\"fusion-alignleft\"><span class=\"vcard\" style=\"display: none;\"><span class=\"fn\"><a href=\"https:\/\/www.opamianto.com\/blog\/author\/opamianto\/\" title=\"Entradas de Opamianto\" rel=\"author\">Opamianto<\/a><\/span><\/span><span class=\"updated\" style=\"display:none;\">2026-04-28T11:17:01+02:00<\/span><span>31 de julio de 2019<\/span><span class=\"fusion-inline-sep\">|<\/span><a href=\"https:\/\/www.opamianto.com\/blog\/.\/amianto\/\" rel=\"category tag\">Amianto<\/a>, <a href=\"https:\/\/www.opamianto.com\/blog\/.\/exitos-judiciales\/\" rel=\"category tag\">\u00c9xitos judiciales<\/a>, <a href=\"https:\/\/www.opamianto.com\/blog\/.\/mesotelioma\/\" rel=\"category tag\">Mesotelioma<\/a><span class=\"fusion-inline-sep\">|<\/span><span class=\"fusion-comments\"><span>Comentarios desactivados<span class=\"screen-reader-text\"> en Reclamaci\u00f3n de da\u00f1os y perjuicios<\/span><\/span><\/span><\/div><div class=\"fusion-alignright\"><a class=\"fusion-read-more\" href=\"https:\/\/www.opamianto.com\/blog\/amianto\/reclamacion-de-danos-y-perjuicios\/\" aria-label=\"More on Reclamaci\u00f3n de da\u00f1os y perjuicios\">Leer m\u00e1s<\/a><\/div><\/div><\/article>\n<article id=\"blog-1-post-76\" class=\"fusion-post-medium post-76 post type-post status-publish format-standard has-post-thumbnail hentry category-exitos-judiciales\">\n\t<style type=\"text\/css\">\n\t\t\n\t\t\n\t\t\n\t\t\n\t\t\t<\/style>\n\n\n\t\t\t<div class=\"fusion-flexslider flexslider fusion-flexslider-loading fusion-post-slideshow\" style=\"\">\n\t\t<ul class=\"slides\">\n\t\t\t\n\t\t\t\t\t\t\t\t\t\t\t\t\t\t<li><div  class=\"fusion-image-wrapper fusion-image-size-fixed\" aria-haspopup=\"true\">\n\t\t\t\t<img decoding=\"async\" width=\"320\" height=\"202\" src=\"https:\/\/www.opamianto.com\/blog\/wp-content\/uploads\/2019\/07\/indemnizacion-zaragoza-amianto-320x202.jpg\" class=\"attachment-blog-medium size-blog-medium wp-post-image\" alt=\"Indemnizaci\u00f3n Zaragoza amianto\" srcset=\"https:\/\/www.opamianto.com\/blog\/wp-content\/uploads\/2019\/07\/indemnizacion-zaragoza-amianto-320x202.jpg 320w, https:\/\/www.opamianto.com\/blog\/wp-content\/uploads\/2019\/07\/indemnizacion-zaragoza-amianto-700x441.jpg 700w\" sizes=\"(max-width: 320px) 100vw, 320px\" \/><div class=\"fusion-rollover\">\n\t<div class=\"fusion-rollover-content\">\n\n\t\t\t\t\t\t\t\t\t\t\t\t\t\t<a class=\"fusion-rollover-link\" href=\"https:\/\/www.opamianto.com\/blog\/exitos-judiciales\/el-ayuntamiento-de-zaragoza-indemnizara-a-la-familia-de-un-afectado-por-amianto\/\">El Ayto. de Zaragoza indemnizar\u00e1 a la familia de un afectado por amianto<\/a>\n\t\t\t\n\t\t\t\t\t\t\t\t\n\t\t\n\t\t\t\t\t\t\t\t\n\t\t\t\t\t\t\t\t\t\t<div class=\"fusion-rollover-categories\"><a href=\"https:\/\/www.opamianto.com\/blog\/.\/exitos-judiciales\/\" rel=\"tag\">\u00c9xitos judiciales<\/a><\/div>\t\t\t\t\t\n\t\t\n\t\t\t\t\t\t<a class=\"fusion-link-wrapper\" href=\"https:\/\/www.opamianto.com\/blog\/exitos-judiciales\/el-ayuntamiento-de-zaragoza-indemnizara-a-la-familia-de-un-afectado-por-amianto\/\" aria-label=\"El Ayto. de Zaragoza indemnizar\u00e1 a la familia de un afectado por amianto\"><\/a>\n\t<\/div>\n<\/div>\n<\/div>\n<\/li>\n\t\t\t\n\t\t\t\n\t\t\t\t\t\t\t\t\t\t\t\t\t\t\t\t\t\t\t\t\t\t\t\t\t\t\t\t\t\t\t\t\t\t\t\t\t\t\t\t\t\t\t\t\t\t\t\t\t\t\t\t\t\t\t\t\t\t\t\t\t\t\t\t\t\t\t\t<\/ul>\n\t<\/div>\n\t<div class=\"fusion-post-content post-content\"><h2 class=\"blog-shortcode-post-title entry-title\"><a href=\"https:\/\/www.opamianto.com\/blog\/exitos-judiciales\/el-ayuntamiento-de-zaragoza-indemnizara-a-la-familia-de-un-afectado-por-amianto\/\">El Ayto. de Zaragoza indemnizar\u00e1 a la familia de un afectado por amianto<\/a><\/h2><div class=\"fusion-post-content-container\"><p>El Ayuntamiento de Zaragoza condenado a indemnizar con 110.000 euros a la familia de un afectado por amianto   Por fin, despu\u00e9s de cuatro a\u00f1os, la familia de un fontanero afectado por amianto,\u00a0 del Ayuntamiento de Zaragoza se ver\u00e1 recompensada con 110.000\u20ac por la exposici\u00f3n que sufri\u00f3 durante su<a href=\"https:\/\/www.opamianto.com\/blog\/exitos-judiciales\/el-ayuntamiento-de-zaragoza-indemnizara-a-la-familia-de-un-afectado-por-amianto\/\"> [...]<\/a><\/p><\/div><\/div><div class=\"fusion-clearfix\"><\/div><div class=\"fusion-meta-info\"><div class=\"fusion-alignleft\"><span class=\"vcard\" style=\"display: none;\"><span class=\"fn\"><a href=\"https:\/\/www.opamianto.com\/blog\/author\/opamianto\/\" title=\"Entradas de Opamianto\" rel=\"author\">Opamianto<\/a><\/span><\/span><span class=\"updated\" style=\"display:none;\">2026-04-28T11:17:02+02:00<\/span><span>05 de julio de 2019<\/span><span class=\"fusion-inline-sep\">|<\/span><a href=\"https:\/\/www.opamianto.com\/blog\/.\/exitos-judiciales\/\" rel=\"category tag\">\u00c9xitos judiciales<\/a><span class=\"fusion-inline-sep\">|<\/span><span class=\"fusion-comments\"><span>Comentarios desactivados<span class=\"screen-reader-text\"> en El Ayto. de Zaragoza indemnizar\u00e1 a la familia de un afectado por amianto<\/span><\/span><\/span><\/div><div class=\"fusion-alignright\"><a class=\"fusion-read-more\" href=\"https:\/\/www.opamianto.com\/blog\/exitos-judiciales\/el-ayuntamiento-de-zaragoza-indemnizara-a-la-familia-de-un-afectado-por-amianto\/\" aria-label=\"More on El Ayto. de Zaragoza indemnizar\u00e1 a la familia de un afectado por amianto\">Leer m\u00e1s<\/a><\/div><\/div><\/article>\n<\/div><\/div><div class=\"fusion-clearfix\"><\/div><\/div><\/div><\/div><\/div>\n","protected":false},"excerpt":{"rendered":"","protected":false},"author":1,"featured_media":0,"parent":0,"menu_order":0,"comment_status":"closed","ping_status":"closed","template":"","meta":{"footnotes":""},"class_list":["post-59","page","type-page","status-publish","hentry"],"yoast_head":"<!-- This site is optimized with the Yoast SEO plugin v27.5 - https:\/\/yoast.com\/product\/yoast-seo-wordpress\/ -->\n<title>\u00c9xitos judiciales - Opamianto Blog<\/title>\n<meta name=\"robots\" content=\"index, follow, max-snippet:-1, max-image-preview:large, max-video-preview:-1\" \/>\n<link rel=\"canonical\" href=\"https:\/\/www.opamianto.com\/blog\/exitos-judiciales\/\" \/>\n<meta property=\"og:locale\" content=\"es_ES\" \/>\n<meta property=\"og:type\" content=\"article\" \/>\n<meta property=\"og:title\" content=\"\u00c9xitos judiciales - Opamianto Blog\" \/>\n<meta property=\"og:url\" content=\"https:\/\/www.opamianto.com\/blog\/exitos-judiciales\/\" \/>\n<meta property=\"og:site_name\" content=\"Opamianto Blog\" \/>\n<meta name=\"twitter:card\" content=\"summary_large_image\" \/>\n<meta name=\"twitter:label1\" content=\"Tiempo de lectura\" \/>\n\t<meta name=\"twitter:data1\" content=\"3 minutos\" \/>\n<script type=\"application\/ld+json\" class=\"yoast-schema-graph\">{\"@context\":\"https:\\\/\\\/schema.org\",\"@graph\":[{\"@type\":\"WebPage\",\"@id\":\"https:\\\/\\\/www.opamianto.com\\\/blog\\\/exitos-judiciales\\\/\",\"url\":\"https:\\\/\\\/www.opamianto.com\\\/blog\\\/exitos-judiciales\\\/\",\"name\":\"\u00c9xitos judiciales - Opamianto Blog\",\"isPartOf\":{\"@id\":\"https:\\\/\\\/www.opamianto.com\\\/blog\\\/#website\"},\"datePublished\":\"2019-07-05T11:28:47+00:00\",\"breadcrumb\":{\"@id\":\"https:\\\/\\\/www.opamianto.com\\\/blog\\\/exitos-judiciales\\\/#breadcrumb\"},\"inLanguage\":\"es\",\"potentialAction\":[{\"@type\":\"ReadAction\",\"target\":[\"https:\\\/\\\/www.opamianto.com\\\/blog\\\/exitos-judiciales\\\/\"]}]},{\"@type\":\"BreadcrumbList\",\"@id\":\"https:\\\/\\\/www.opamianto.com\\\/blog\\\/exitos-judiciales\\\/#breadcrumb\",\"itemListElement\":[{\"@type\":\"ListItem\",\"position\":1,\"name\":\"Portada\",\"item\":\"https:\\\/\\\/www.opamianto.com\\\/blog\\\/\"},{\"@type\":\"ListItem\",\"position\":2,\"name\":\"\u00c9xitos judiciales\"}]},{\"@type\":\"WebSite\",\"@id\":\"https:\\\/\\\/www.opamianto.com\\\/blog\\\/#website\",\"url\":\"https:\\\/\\\/www.opamianto.com\\\/blog\\\/\",\"name\":\"Opamianto Blog\",\"description\":\"Otro sitio realizado con WordPress\",\"potentialAction\":[{\"@type\":\"SearchAction\",\"target\":{\"@type\":\"EntryPoint\",\"urlTemplate\":\"https:\\\/\\\/www.opamianto.com\\\/blog\\\/?s={search_term_string}\"},\"query-input\":{\"@type\":\"PropertyValueSpecification\",\"valueRequired\":true,\"valueName\":\"search_term_string\"}}],\"inLanguage\":\"es\"}]}<\/script>\n<!-- \/ Yoast SEO plugin. -->","yoast_head_json":{"title":"\u00c9xitos judiciales - Opamianto Blog","robots":{"index":"index","follow":"follow","max-snippet":"max-snippet:-1","max-image-preview":"max-image-preview:large","max-video-preview":"max-video-preview:-1"},"canonical":"https:\/\/www.opamianto.com\/blog\/exitos-judiciales\/","og_locale":"es_ES","og_type":"article","og_title":"\u00c9xitos judiciales - Opamianto Blog","og_url":"https:\/\/www.opamianto.com\/blog\/exitos-judiciales\/","og_site_name":"Opamianto Blog","twitter_card":"summary_large_image","twitter_misc":{"Tiempo de lectura":"3 minutos"},"schema":{"@context":"https:\/\/schema.org","@graph":[{"@type":"WebPage","@id":"https:\/\/www.opamianto.com\/blog\/exitos-judiciales\/","url":"https:\/\/www.opamianto.com\/blog\/exitos-judiciales\/","name":"\u00c9xitos judiciales - Opamianto Blog","isPartOf":{"@id":"https:\/\/www.opamianto.com\/blog\/#website"},"datePublished":"2019-07-05T11:28:47+00:00","breadcrumb":{"@id":"https:\/\/www.opamianto.com\/blog\/exitos-judiciales\/#breadcrumb"},"inLanguage":"es","potentialAction":[{"@type":"ReadAction","target":["https:\/\/www.opamianto.com\/blog\/exitos-judiciales\/"]}]},{"@type":"BreadcrumbList","@id":"https:\/\/www.opamianto.com\/blog\/exitos-judiciales\/#breadcrumb","itemListElement":[{"@type":"ListItem","position":1,"name":"Portada","item":"https:\/\/www.opamianto.com\/blog\/"},{"@type":"ListItem","position":2,"name":"\u00c9xitos judiciales"}]},{"@type":"WebSite","@id":"https:\/\/www.opamianto.com\/blog\/#website","url":"https:\/\/www.opamianto.com\/blog\/","name":"Opamianto Blog","description":"Otro sitio realizado con WordPress","potentialAction":[{"@type":"SearchAction","target":{"@type":"EntryPoint","urlTemplate":"https:\/\/www.opamianto.com\/blog\/?s={search_term_string}"},"query-input":{"@type":"PropertyValueSpecification","valueRequired":true,"valueName":"search_term_string"}}],"inLanguage":"es"}]}},"_links":{"self":[{"href":"https:\/\/www.opamianto.com\/blog\/wp-json\/wp\/v2\/pages\/59","targetHints":{"allow":["GET"]}}],"collection":[{"href":"https:\/\/www.opamianto.com\/blog\/wp-json\/wp\/v2\/pages"}],"about":[{"href":"https:\/\/www.opamianto.com\/blog\/wp-json\/wp\/v2\/types\/page"}],"author":[{"embeddable":true,"href":"https:\/\/www.opamianto.com\/blog\/wp-json\/wp\/v2\/users\/1"}],"replies":[{"embeddable":true,"href":"https:\/\/www.opamianto.com\/blog\/wp-json\/wp\/v2\/comments?post=59"}],"version-history":[{"count":1,"href":"https:\/\/www.opamianto.com\/blog\/wp-json\/wp\/v2\/pages\/59\/revisions"}],"predecessor-version":[{"id":60,"href":"https:\/\/www.opamianto.com\/blog\/wp-json\/wp\/v2\/pages\/59\/revisions\/60"}],"wp:attachment":[{"href":"https:\/\/www.opamianto.com\/blog\/wp-json\/wp\/v2\/media?parent=59"}],"curies":[{"name":"wp","href":"https:\/\/api.w.org\/{rel}","templated":true}]}}